{"id":905,"date":"2025-05-14T13:05:16","date_gmt":"2025-05-14T11:05:16","guid":{"rendered":"https:\/\/hotel-lecastillan.com\/photo-gallery\/"},"modified":"2025-05-16T15:14:42","modified_gmt":"2025-05-16T13:14:42","slug":"photo-gallery","status":"publish","type":"page","link":"https:\/\/hotel-lecastillan.com\/en\/photo-gallery\/","title":{"rendered":"Photo Gallery"},"content":{"rendered":"<div class=\"wpb-content-wrapper\"><p>[vc_row][vc_column width=&#8221;1\/3&#8243;][\/vc_column][vc_column width=&#8221;1\/3&#8243;]<div class=\"ult-spacer spacer-69e16e3e947d5\" data-id=\"69e16e3e947d5\" data-height=\"80\" data-height-mobile=\"50\" data-height-tab=\"\" data-height-tab-portrait=\"\" data-height-mobile-landscape=\"\" style=\"clear:both;display:block;\"><\/div>[vc_custom_heading text=&#8221;Photo Gallery&#8221; font_container=&#8221;tag:h2|text_align:center&#8221; use_theme_fonts=&#8221;yes&#8221; css=&#8221;&#8221;]<div class=\"ult-spacer spacer-69e16e3e94808\" data-id=\"69e16e3e94808\" data-height=\"20\" data-height-mobile=\"10\" data-height-tab=\"\" data-height-tab-portrait=\"\" data-height-mobile-landscape=\"\" style=\"clear:both;display:block;\"><\/div>[vc_column_text css=&#8221;&#8221;]<\/p>\n<p style=\"text-align: center;\">Discover through images everything that Hotel Le Castillan has to offer: quality services, a unique style, and a warm atmosphere, right in the heart of the resort, facing an exceptional mountain panorama.<\/p>\n<p>[\/vc_column_text]<div class=\"ult-spacer spacer-69e16e3e94821\" data-id=\"69e16e3e94821\" data-height=\"50\" data-height-mobile=\"25\" data-height-tab=\"\" data-height-tab-portrait=\"\" data-height-mobile-landscape=\"\" style=\"clear:both;display:block;\"><\/div>[\/vc_column][vc_column width=&#8221;1\/3&#8243;][\/vc_column][\/vc_row]<\/p>\n<\/div>","protected":false},"excerpt":{"rendered":"<p>[vc_row][vc_column width=&#8221;1\/3&#8243;][\/vc_column][vc_column width=&#8221;1\/3&#8243;][vc_custom_heading text=&#8221;Photo Gallery&#8221; font_container=&#8221;tag:h2|text_align:center&#8221; use_theme_fonts=&#8221;yes&#8221; css=&#8221;&#8221;][vc_column_text css=&#8221;&#8221;] Discover through images everything that Hotel Le Castillan has to offer: quality services, a unique style, and a warm atmosphere, right in the heart of the resort, facing an exceptional mountain panorama. [\/vc_column_text][\/vc_column][vc_column width=&#8221;1\/3&#8243;][\/vc_column][\/vc_row]<\/p>\n","protected":false},"author":1,"featured_media":0,"parent":0,"menu_order":10,"comment_status":"closed","ping_status":"closed","template":"template-media-jgrid.php","meta":{"footnotes":""},"class_list":["post-905","page","type-page","status-publish","hentry","description-off"],"yoast_head":"<!-- This site is optimized with the Yoast SEO plugin v27.4 - https:\/\/yoast.com\/product\/yoast-seo-wordpress\/ -->\n<title>Le Castillan - H\u00f4tel, Restaurant &amp; Spa - Alpe d&#039;Huez - Photo Gallery<\/title>\n<meta name=\"description\" content=\"Stay in the heart of the resort in a warm setting with panoramic mountain views. Comfortable rooms, restaurant, spa, and a welcoming, family-friendly atmosphere.\" \/>\n<meta name=\"robots\" content=\"index, follow, max-snippet:-1, max-image-preview:large, max-video-preview:-1\" \/>\n<link rel=\"canonical\" href=\"https:\/\/hotel-lecastillan.com\/en\/photo-gallery\/\" \/>\n<meta property=\"og:locale\" content=\"en_US\" \/>\n<meta property=\"og:type\" content=\"article\" \/>\n<meta property=\"og:title\" content=\"Le Castillan - H\u00f4tel, Restaurant &amp; Spa - Alpe d&#039;Huez - Photo Gallery\" \/>\n<meta property=\"og:description\" content=\"Stay in the heart of the resort in a warm setting with panoramic mountain views. Comfortable rooms, restaurant, spa, and a welcoming, family-friendly atmosphere.\" \/>\n<meta property=\"og:url\" content=\"https:\/\/hotel-lecastillan.com\/en\/photo-gallery\/\" \/>\n<meta property=\"og:site_name\" content=\"Le Castillan - H\u00f4tel, Restaurant &amp; Spa - Alpe d&#039;Huez\" \/>\n<meta property=\"article:publisher\" content=\"https:\/\/fr-fr.facebook.com\/LeCastillan\/\" \/>\n<meta property=\"article:modified_time\" content=\"2025-05-16T13:14:42+00:00\" \/>\n<meta name=\"twitter:card\" content=\"summary_large_image\" \/>\n<meta name=\"twitter:label1\" content=\"Est. reading time\" \/>\n\t<meta name=\"twitter:data1\" content=\"1 minute\" \/>\n<script type=\"application\/ld+json\" class=\"yoast-schema-graph\">{\"@context\":\"https:\\\/\\\/schema.org\",\"@graph\":[{\"@type\":\"WebPage\",\"@id\":\"https:\\\/\\\/hotel-lecastillan.com\\\/en\\\/photo-gallery\\\/\",\"url\":\"https:\\\/\\\/hotel-lecastillan.com\\\/en\\\/photo-gallery\\\/\",\"name\":\"Le Castillan - H\u00f4tel, Restaurant &amp; Spa - Alpe d&#039;Huez - Photo Gallery\",\"isPartOf\":{\"@id\":\"https:\\\/\\\/hotel-lecastillan.com\\\/#website\"},\"datePublished\":\"2025-05-14T11:05:16+00:00\",\"dateModified\":\"2025-05-16T13:14:42+00:00\",\"description\":\"Stay in the heart of the resort in a warm setting with panoramic mountain views. Comfortable rooms, restaurant, spa, and a welcoming, family-friendly atmosphere.\",\"breadcrumb\":{\"@id\":\"https:\\\/\\\/hotel-lecastillan.com\\\/en\\\/photo-gallery\\\/#breadcrumb\"},\"inLanguage\":\"en-US\",\"potentialAction\":[{\"@type\":\"ReadAction\",\"target\":[\"https:\\\/\\\/hotel-lecastillan.com\\\/en\\\/photo-gallery\\\/\"]}]},{\"@type\":\"BreadcrumbList\",\"@id\":\"https:\\\/\\\/hotel-lecastillan.com\\\/en\\\/photo-gallery\\\/#breadcrumb\",\"itemListElement\":[{\"@type\":\"ListItem\",\"position\":1,\"name\":\"Accueil\",\"item\":\"https:\\\/\\\/hotel-lecastillan.com\\\/en\\\/\"},{\"@type\":\"ListItem\",\"position\":2,\"name\":\"Photo Gallery\"}]},{\"@type\":\"WebSite\",\"@id\":\"https:\\\/\\\/hotel-lecastillan.com\\\/#website\",\"url\":\"https:\\\/\\\/hotel-lecastillan.com\\\/\",\"name\":\"Le Castillan - H\u00f4tel, Restaurant & Spa - Alpe d'Huez\",\"description\":\"Un site d\u00e9velopp\u00e9 par PMT Hotels\",\"publisher\":{\"@id\":\"https:\\\/\\\/hotel-lecastillan.com\\\/#organization\"},\"potentialAction\":[{\"@type\":\"SearchAction\",\"target\":{\"@type\":\"EntryPoint\",\"urlTemplate\":\"https:\\\/\\\/hotel-lecastillan.com\\\/?s={search_term_string}\"},\"query-input\":{\"@type\":\"PropertyValueSpecification\",\"valueRequired\":true,\"valueName\":\"search_term_string\"}}],\"inLanguage\":\"en-US\"},{\"@type\":\"Organization\",\"@id\":\"https:\\\/\\\/hotel-lecastillan.com\\\/#organization\",\"name\":\"H\u00f4tel Le Castillan\",\"url\":\"https:\\\/\\\/hotel-lecastillan.com\\\/\",\"logo\":{\"@type\":\"ImageObject\",\"inLanguage\":\"en-US\",\"@id\":\"https:\\\/\\\/hotel-lecastillan.com\\\/#\\\/schema\\\/logo\\\/image\\\/\",\"url\":\"https:\\\/\\\/hotel-lecastillan.com\\\/wp-content\\\/uploads\\\/2024\\\/09\\\/Logo-Hotel-le-Castillan-300.png\",\"contentUrl\":\"https:\\\/\\\/hotel-lecastillan.com\\\/wp-content\\\/uploads\\\/2024\\\/09\\\/Logo-Hotel-le-Castillan-300.png\",\"width\":548,\"height\":300,\"caption\":\"H\u00f4tel Le Castillan\"},\"image\":{\"@id\":\"https:\\\/\\\/hotel-lecastillan.com\\\/#\\\/schema\\\/logo\\\/image\\\/\"},\"sameAs\":[\"https:\\\/\\\/fr-fr.facebook.com\\\/LeCastillan\\\/\",\"https:\\\/\\\/www.instagram.com\\\/lecastillan\\\/\"]}]}<\/script>\n<!-- \/ Yoast SEO plugin. -->","yoast_head_json":{"title":"Le Castillan - H\u00f4tel, Restaurant &amp; Spa - Alpe d&#039;Huez - Photo Gallery","description":"Stay in the heart of the resort in a warm setting with panoramic mountain views. Comfortable rooms, restaurant, spa, and a welcoming, family-friendly atmosphere.","robots":{"index":"index","follow":"follow","max-snippet":"max-snippet:-1","max-image-preview":"max-image-preview:large","max-video-preview":"max-video-preview:-1"},"canonical":"https:\/\/hotel-lecastillan.com\/en\/photo-gallery\/","og_locale":"en_US","og_type":"article","og_title":"Le Castillan - H\u00f4tel, Restaurant &amp; Spa - Alpe d&#039;Huez - Photo Gallery","og_description":"Stay in the heart of the resort in a warm setting with panoramic mountain views. Comfortable rooms, restaurant, spa, and a welcoming, family-friendly atmosphere.","og_url":"https:\/\/hotel-lecastillan.com\/en\/photo-gallery\/","og_site_name":"Le Castillan - H\u00f4tel, Restaurant &amp; Spa - Alpe d&#039;Huez","article_publisher":"https:\/\/fr-fr.facebook.com\/LeCastillan\/","article_modified_time":"2025-05-16T13:14:42+00:00","twitter_card":"summary_large_image","twitter_misc":{"Est. reading time":"1 minute"},"schema":{"@context":"https:\/\/schema.org","@graph":[{"@type":"WebPage","@id":"https:\/\/hotel-lecastillan.com\/en\/photo-gallery\/","url":"https:\/\/hotel-lecastillan.com\/en\/photo-gallery\/","name":"Le Castillan - H\u00f4tel, Restaurant &amp; Spa - Alpe d&#039;Huez - Photo Gallery","isPartOf":{"@id":"https:\/\/hotel-lecastillan.com\/#website"},"datePublished":"2025-05-14T11:05:16+00:00","dateModified":"2025-05-16T13:14:42+00:00","description":"Stay in the heart of the resort in a warm setting with panoramic mountain views. Comfortable rooms, restaurant, spa, and a welcoming, family-friendly atmosphere.","breadcrumb":{"@id":"https:\/\/hotel-lecastillan.com\/en\/photo-gallery\/#breadcrumb"},"inLanguage":"en-US","potentialAction":[{"@type":"ReadAction","target":["https:\/\/hotel-lecastillan.com\/en\/photo-gallery\/"]}]},{"@type":"BreadcrumbList","@id":"https:\/\/hotel-lecastillan.com\/en\/photo-gallery\/#breadcrumb","itemListElement":[{"@type":"ListItem","position":1,"name":"Accueil","item":"https:\/\/hotel-lecastillan.com\/en\/"},{"@type":"ListItem","position":2,"name":"Photo Gallery"}]},{"@type":"WebSite","@id":"https:\/\/hotel-lecastillan.com\/#website","url":"https:\/\/hotel-lecastillan.com\/","name":"Le Castillan - H\u00f4tel, Restaurant & Spa - Alpe d'Huez","description":"Un site d\u00e9velopp\u00e9 par PMT Hotels","publisher":{"@id":"https:\/\/hotel-lecastillan.com\/#organization"},"potentialAction":[{"@type":"SearchAction","target":{"@type":"EntryPoint","urlTemplate":"https:\/\/hotel-lecastillan.com\/?s={search_term_string}"},"query-input":{"@type":"PropertyValueSpecification","valueRequired":true,"valueName":"search_term_string"}}],"inLanguage":"en-US"},{"@type":"Organization","@id":"https:\/\/hotel-lecastillan.com\/#organization","name":"H\u00f4tel Le Castillan","url":"https:\/\/hotel-lecastillan.com\/","logo":{"@type":"ImageObject","inLanguage":"en-US","@id":"https:\/\/hotel-lecastillan.com\/#\/schema\/logo\/image\/","url":"https:\/\/hotel-lecastillan.com\/wp-content\/uploads\/2024\/09\/Logo-Hotel-le-Castillan-300.png","contentUrl":"https:\/\/hotel-lecastillan.com\/wp-content\/uploads\/2024\/09\/Logo-Hotel-le-Castillan-300.png","width":548,"height":300,"caption":"H\u00f4tel Le Castillan"},"image":{"@id":"https:\/\/hotel-lecastillan.com\/#\/schema\/logo\/image\/"},"sameAs":["https:\/\/fr-fr.facebook.com\/LeCastillan\/","https:\/\/www.instagram.com\/lecastillan\/"]}]}},"_links":{"self":[{"href":"https:\/\/hotel-lecastillan.com\/en\/wp-json\/wp\/v2\/pages\/905","targetHints":{"allow":["GET"]}}],"collection":[{"href":"https:\/\/hotel-lecastillan.com\/en\/wp-json\/wp\/v2\/pages"}],"about":[{"href":"https:\/\/hotel-lecastillan.com\/en\/wp-json\/wp\/v2\/types\/page"}],"author":[{"embeddable":true,"href":"https:\/\/hotel-lecastillan.com\/en\/wp-json\/wp\/v2\/users\/1"}],"replies":[{"embeddable":true,"href":"https:\/\/hotel-lecastillan.com\/en\/wp-json\/wp\/v2\/comments?post=905"}],"version-history":[{"count":2,"href":"https:\/\/hotel-lecastillan.com\/en\/wp-json\/wp\/v2\/pages\/905\/revisions"}],"predecessor-version":[{"id":921,"href":"https:\/\/hotel-lecastillan.com\/en\/wp-json\/wp\/v2\/pages\/905\/revisions\/921"}],"wp:attachment":[{"href":"https:\/\/hotel-lecastillan.com\/en\/wp-json\/wp\/v2\/media?parent=905"}],"curies":[{"name":"wp","href":"https:\/\/api.w.org\/{rel}","templated":true}]}}