{"id":841,"date":"2025-03-11T12:35:56","date_gmt":"2025-03-11T11:35:56","guid":{"rendered":"https:\/\/hotel-lecastillan.com\/a-family-story\/"},"modified":"2025-08-13T14:57:11","modified_gmt":"2025-08-13T12:57:11","slug":"a-family-story","status":"publish","type":"page","link":"https:\/\/hotel-lecastillan.com\/en\/a-family-story\/","title":{"rendered":"A Family Story"},"content":{"rendered":"<div class=\"wpb-content-wrapper\"><p>[vc_row full_width=&#8221;stretch_row_content&#8221;][vc_column][vc_row_inner][vc_column_inner]<div class=\"ult-spacer spacer-69e16e0832cbf\" data-id=\"69e16e0832cbf\" data-height=\"100\" data-height-mobile=\"50\" data-height-tab=\"\" data-height-tab-portrait=\"\" data-height-mobile-landscape=\"\" style=\"clear:both;display:block;\"><\/div>[\/vc_column_inner][\/vc_row_inner][vc_row_inner][vc_column_inner width=&#8221;1\/3&#8243;][\/vc_column_inner][vc_column_inner width=&#8221;1\/3&#8243;][vc_custom_heading text=&#8221;The Soul of the Hotel&#8221; font_container=&#8221;tag:h1|text_align:center&#8221; use_theme_fonts=&#8221;yes&#8221; css=&#8221;&#8221;]<div class=\"ult-spacer spacer-69e16e0832d11\" data-id=\"69e16e0832d11\" data-height=\"10\" data-height-mobile=\"10\" data-height-tab=\"10\" data-height-tab-portrait=\"\" data-height-mobile-landscape=\"\" style=\"clear:both;display:block;\"><\/div>[vc_custom_heading text=&#8221;A tradition of hospitality through generations&#8221; font_container=&#8221;tag:h2|text_align:center&#8221; use_theme_fonts=&#8221;yes&#8221; css=&#8221;&#8221;]<div class=\"ult-spacer spacer-69e16e0832d2e\" data-id=\"69e16e0832d2e\" data-height=\"20\" data-height-mobile=\"20\" data-height-tab=\"20\" data-height-tab-portrait=\"\" data-height-mobile-landscape=\"\" style=\"clear:both;display:block;\"><\/div>[vc_column_text css=&#8221;&#8221;]<\/p>\n<p style=\"text-align: center;\" data-pm-slice=\"1 1 []\">Perched in the heart of Alpe d\u2019Huez, H\u00f4tel Le Castillan is much more than just a hotel\u2014it is a family home that has upheld a tradition of hospitality and friendliness for several generations.<\/p>\n<p style=\"text-align: center;\" data-pm-slice=\"1 1 []\">The story of the Castillan family is closely tied to that of the hotel\u2014a place where every guest is welcomed with warmth and authenticity, in a setting where mountain charm meets modern comfort.<\/p>\n<p>[\/vc_column_text][\/vc_column_inner][vc_column_inner width=&#8221;1\/3&#8243;][\/vc_column_inner][\/vc_row_inner]<div class=\"ult-spacer spacer-69e16e0832d46\" data-id=\"69e16e0832d46\" data-height=\"100\" data-height-mobile=\"50\" data-height-tab=\"\" data-height-tab-portrait=\"\" data-height-mobile-landscape=\"\" style=\"clear:both;display:block;\"><\/div>[\/vc_column][\/vc_row][vc_row full_width=&#8221;stretch_row_content&#8221; css=&#8221;.vc_custom_1745580638556{margin-bottom: -30px !important;}&#8221;][vc_column width=&#8221;1\/3&#8243; css=&#8221;.vc_custom_1738151411217{margin-right: 0px !important;margin-left: 0px !important;padding-right: 0px !important;padding-left: 0px !important;}&#8221;][vc_single_image image=&#8221;163&#8243; img_size=&#8221;full&#8221; css=&#8221;&#8221;][\/vc_column][vc_column width=&#8221;1\/3&#8243; css=&#8221;.vc_custom_1738151417775{margin-right: 0px !important;margin-left: 0px !important;padding-right: 0px !important;padding-left: 0px !important;}&#8221;][vc_single_image image=&#8221;159&#8243; img_size=&#8221;full&#8221; css=&#8221;&#8221;][\/vc_column][vc_column width=&#8221;1\/3&#8243; css=&#8221;.vc_custom_1738151424548{margin-right: 0px !important;margin-left: 0px !important;padding-right: 0px !important;padding-left: 0px !important;}&#8221;][vc_single_image image=&#8221;157&#8243; img_size=&#8221;full&#8221; css=&#8221;&#8221;][\/vc_column][\/vc_row][vc_row full_width=&#8221;stretch_row&#8221; css=&#8221;.vc_custom_1738151687083{background-image: url(https:\/\/hotel-lecastillan.com\/wp-content\/uploads\/2025\/01\/fond-1000.png?id=282) !important;background-position: 0 0 !important;background-repeat: repeat !important;}&#8221;][vc_column width=&#8221;1\/2&#8243;]<div class=\"ult-spacer spacer-69e16e0832d66\" data-id=\"69e16e0832d66\" data-height=\"100\" data-height-mobile=\"100\" data-height-tab=\"100\" data-height-tab-portrait=\"\" data-height-mobile-landscape=\"\" style=\"clear:both;display:block;\"><\/div>[vc_single_image image=&#8221;928&#8243; img_size=&#8221;1200&#215;1200&#8243; css=&#8221;&#8221;]<div class=\"ult-spacer spacer-69e16e0832d7e\" data-id=\"69e16e0832d7e\" data-height=\"100\" data-height-mobile=\"20\" data-height-tab=\"\" data-height-tab-portrait=\"\" data-height-mobile-landscape=\"\" style=\"clear:both;display:block;\"><\/div>[\/vc_column][vc_column width=&#8221;1\/2&#8243;]<div class=\"ult-spacer spacer-69e16e0832d9b\" data-id=\"69e16e0832d9b\" data-height=\"100\" data-height-mobile=\"0\" data-height-tab=\"\" data-height-tab-portrait=\"\" data-height-mobile-landscape=\"\" style=\"clear:both;display:block;\"><\/div>[vc_custom_heading text=&#8221;A passionate couple serving their guests&#8221; font_container=&#8221;tag:h1|text_align:left&#8221; use_theme_fonts=&#8221;yes&#8221; css=&#8221;&#8221;]<div class=\"ult-spacer spacer-69e16e0832db6\" data-id=\"69e16e0832db6\" data-height=\"25\" data-height-mobile=\"25\" data-height-tab=\"25\" data-height-tab-portrait=\"\" data-height-mobile-landscape=\"\" style=\"clear:both;display:block;\"><\/div>[vc_column_text css=&#8221;&#8221;]<\/p>\n<p data-pm-slice=\"1 1 []\">At the helm of the hotel, St\u00e9phanie and Julien, a dedicated and passionate couple, work day after day to ensure the well-being of their guests. Always present, they embody the soul of the establishment and cultivate a friendly and approachable spirit.<\/p>\n<p data-pm-slice=\"1 1 []\">Whether at reception to greet you, at the bar to share a convivial moment, or in the restaurant to ensure smooth service, they are always there, attentive to every detail.<\/p>\n<p data-pm-slice=\"1 1 []\">Their daily presence ensures every guest a warm and personalized experience, where authenticity and kindness are at the heart of every interaction.<\/p>\n<p>[\/vc_column_text]<div class=\"ult-spacer spacer-69e16e0832dcd\" data-id=\"69e16e0832dcd\" data-height=\"10\" data-height-mobile=\"10\" data-height-tab=\"10\" data-height-tab-portrait=\"\" data-height-mobile-landscape=\"\" style=\"clear:both;display:block;\"><\/div>[\/vc_column][\/vc_row][vc_row][vc_column width=&#8221;1\/2&#8243; offset=&#8221;vc_hidden-xs&#8221;]<div class=\"ult-spacer spacer-69e16e0832dde\" data-id=\"69e16e0832dde\" data-height=\"100\" data-height-mobile=\"100\" data-height-tab=\"100\" data-height-tab-portrait=\"\" data-height-mobile-landscape=\"\" style=\"clear:both;display:block;\"><\/div>[vc_custom_heading text=&#8221;A hotel that evolves with the times&#8221; font_container=&#8221;tag:h1|text_align:right&#8221; use_theme_fonts=&#8221;yes&#8221; css=&#8221;&#8221;]<div class=\"ult-spacer spacer-69e16e0832ded\" data-id=\"69e16e0832ded\" data-height=\"25\" data-height-mobile=\"25\" data-height-tab=\"25\" data-height-tab-portrait=\"\" data-height-mobile-landscape=\"\" style=\"clear:both;display:block;\"><\/div>[vc_column_text css=&#8221;&#8221;]<\/p>\n<p style=\"text-align: right;\" data-pm-slice=\"1 1 []\">Mindful of preserving the authenticity of the place while offering optimal comfort, major renovation work has been carried out over the years.<\/p>\n<p style=\"text-align: right;\" data-pm-slice=\"1 1 []\">The rooms have been carefully modernized, combining noble materials like wood and stone with contemporary amenities. New, elegant, and functional bathrooms have been added, ensuring complete well-being after a day on the slopes or in the mountains.<\/p>\n<p>[\/vc_column_text]<div class=\"ult-spacer spacer-69e16e0832dfe\" data-id=\"69e16e0832dfe\" data-height=\"10\" data-height-mobile=\"10\" data-height-tab=\"10\" data-height-tab-portrait=\"\" data-height-mobile-landscape=\"\" style=\"clear:both;display:block;\"><\/div>[\/vc_column][vc_column width=&#8221;1\/2&#8243; offset=&#8221;vc_hidden-xs&#8221;]<div class=\"ult-spacer spacer-69e16e0832e0d\" data-id=\"69e16e0832e0d\" data-height=\"100\" data-height-mobile=\"100\" data-height-tab=\"100\" data-height-tab-portrait=\"\" data-height-mobile-landscape=\"\" style=\"clear:both;display:block;\"><\/div>[vc_single_image image=&#8221;423&#8243; img_size=&#8221;full&#8221; css=&#8221;&#8221;]<div class=\"ult-spacer spacer-69e16e0832e1f\" data-id=\"69e16e0832e1f\" data-height=\"100\" data-height-mobile=\"100\" data-height-tab=\"100\" data-height-tab-portrait=\"\" data-height-mobile-landscape=\"\" style=\"clear:both;display:block;\"><\/div>[\/vc_column][\/vc_row][vc_row][vc_column width=&#8221;1\/2&#8243; offset=&#8221;vc_hidden-lg vc_hidden-md vc_hidden-sm&#8221;]<div class=\"ult-spacer spacer-69e16e0832e2f\" data-id=\"69e16e0832e2f\" data-height=\"100\" data-height-mobile=\"100\" data-height-tab=\"100\" data-height-tab-portrait=\"\" data-height-mobile-landscape=\"\" style=\"clear:both;display:block;\"><\/div>[vc_single_image image=&#8221;423&#8243; img_size=&#8221;full&#8221; css=&#8221;&#8221;]<div class=\"ult-spacer spacer-69e16e0832e3f\" data-id=\"69e16e0832e3f\" data-height=\"100\" data-height-mobile=\"20\" data-height-tab=\"\" data-height-tab-portrait=\"\" data-height-mobile-landscape=\"\" style=\"clear:both;display:block;\"><\/div>[\/vc_column][vc_column width=&#8221;1\/2&#8243; offset=&#8221;vc_hidden-lg vc_hidden-md vc_hidden-sm&#8221;]<div class=\"ult-spacer spacer-69e16e0832e63\" data-id=\"69e16e0832e63\" data-height=\"100\" data-height-mobile=\"0\" data-height-tab=\"\" data-height-tab-portrait=\"\" data-height-mobile-landscape=\"\" style=\"clear:both;display:block;\"><\/div>[vc_custom_heading text=&#8221;A hotel that evolves with the times&#8221; font_container=&#8221;tag:h1|text_align:left&#8221; use_theme_fonts=&#8221;yes&#8221; css=&#8221;&#8221;]<div class=\"ult-spacer spacer-69e16e0832e7b\" data-id=\"69e16e0832e7b\" data-height=\"25\" data-height-mobile=\"25\" data-height-tab=\"25\" data-height-tab-portrait=\"\" data-height-mobile-landscape=\"\" style=\"clear:both;display:block;\"><\/div>[vc_column_text css=&#8221;&#8221;]<\/p>\n<p style=\"text-align: left;\" data-pm-slice=\"1 1 []\">Mindful of preserving the authenticity of the place while offering optimal comfort, major renovation work has been carried out over the years.<\/p>\n<p style=\"text-align: left;\" data-pm-slice=\"1 1 []\">The rooms have been carefully modernized, combining noble materials like wood and stone with contemporary amenities. New, elegant, and functional bathrooms have been added, ensuring complete well-being after a day on the slopes or in the mountains.<\/p>\n<p>[\/vc_column_text]<div class=\"ult-spacer spacer-69e16e0832ea3\" data-id=\"69e16e0832ea3\" data-height=\"10\" data-height-mobile=\"50\" data-height-tab=\"\" data-height-tab-portrait=\"\" data-height-mobile-landscape=\"\" style=\"clear:both;display:block;\"><\/div>[\/vc_column][\/vc_row][vc_row full_width=&#8221;stretch_row_content&#8221; css=&#8221;.vc_custom_1745580598272{margin-bottom: -40px !important;background-image: url(https:\/\/hotel-lecastillan.com\/wp-content\/uploads\/2025\/01\/fond-1000.png?id=282) !important;background-position: 0 0 !important;background-repeat: repeat !important;}&#8221;][vc_column width=&#8221;1\/4&#8243;][\/vc_column][vc_column width=&#8221;1\/2&#8243;]<div class=\"ult-spacer spacer-69e16e0832ebc\" data-id=\"69e16e0832ebc\" data-height=\"100\" data-height-mobile=\"50\" data-height-tab=\"\" data-height-tab-portrait=\"\" data-height-mobile-landscape=\"\" style=\"clear:both;display:block;\"><\/div>[vc_custom_heading text=&#8221;An eco-responsible commitment&#8221; font_container=&#8221;tag:h1|text_align:center&#8221; use_theme_fonts=&#8221;yes&#8221; css=&#8221;&#8221;]<div class=\"ult-spacer spacer-69e16e0832ed6\" data-id=\"69e16e0832ed6\" data-height=\"20\" data-height-mobile=\"20\" data-height-tab=\"20\" data-height-tab-portrait=\"\" data-height-mobile-landscape=\"\" style=\"clear:both;display:block;\"><\/div>[vc_column_text css=&#8221;&#8221;]<\/p>\n<p style=\"text-align: center;\" data-pm-slice=\"1 1 []\">Aware of the natural richness surrounding it, H\u00f4tel Le Castillan is gradually engaging in an eco-friendly approach.<\/p>\n<p style=\"text-align: center;\" data-pm-slice=\"1 1 []\">Use of renewable energy, optimized waste management, and reduction of the carbon footprint are at the heart of the owners\u2019 concerns.<\/p>\n<p style=\"text-align: center;\" data-pm-slice=\"1 1 []\">Each year, new initiatives are implemented to preserve the environment while ensuring an authentic and sustainable experience for guests.<\/p>\n<p>[\/vc_column_text]<div class=\"ult-spacer spacer-69e16e0832eef\" data-id=\"69e16e0832eef\" data-height=\"100\" data-height-mobile=\"50\" data-height-tab=\"\" data-height-tab-portrait=\"\" data-height-mobile-landscape=\"\" style=\"clear:both;display:block;\"><\/div>[\/vc_column][vc_column width=&#8221;1\/4&#8243;][\/vc_column][\/vc_row][vc_row full_width=&#8221;stretch_row_content_no_spaces&#8221;][vc_column]<div class=\"sbvcgmap-map-wrapper\" style=\"width:100%;height:400px\"><div class=\"sbvcgmap-map\" zoom=\"15\" maptype=\"ROADMAP\" panoramatogglebutton=\"no\" pancontrol=\"no\" pancontrol_position=\"TOP_LEFT\" zoomcontrol=\"yes\" zoomcontrol_position=\"TOP_LEFT\" zoomcontrolstyle=\"SMALL\" maptypecontrol=\"no\" maptypecontrol_position=\"TOP_RIGHT\" streetviewcontrol=\"no\" streetviewcontrol_position=\"TOP_LEFT\" overviewmapcontrol=\"yes\" overviewmapcontrolvisible=\"no\" maptypecontrolstyle=\"DEFAULT\" mapstyle=\"style-32\" weather=\"no\" traffic=\"no\" transit=\"no\" bicycle=\"no\" panoramio=\"no\" draggable=\"yes\" scrollwheel=\"no\" cplatitude=\"45.092031122601\" cplongitude=\"6.0629250686019\" scalecontrol=\"no\" searchtype=\"disabled\" searchradius=\"500\" searchiconanimation=\"NONE\" searchdirectiontext=\"\" reloadonresize=\"no\" clustering=\"no\" style=\"width:100%;height:400px\"><div class=\"sbvcgmap-marker\" data-lat=\"45.092046271074\" data-lng=\"6.0629465262717\" infowindow=\"no\" animation=\"NONE\" customstyles=\"no\" ><\/div><\/div><\/div>[\/vc_column][\/vc_row]<\/p>\n<\/div>","protected":false},"excerpt":{"rendered":"<p>[vc_row full_width=&#8221;stretch_row_content&#8221;][vc_column][vc_row_inner][vc_column_inner][\/vc_column_inner][\/vc_row_inner][vc_row_inner][vc_column_inner width=&#8221;1\/3&#8243;][\/vc_column_inner][vc_column_inner width=&#8221;1\/3&#8243;][vc_custom_heading text=&#8221;The Soul of the Hotel&#8221; font_container=&#8221;tag:h1|text_align:center&#8221; use_theme_fonts=&#8221;yes&#8221; css=&#8221;&#8221;][vc_custom_heading text=&#8221;A tradition of hospitality through generations&#8221; font_container=&#8221;tag:h2|text_align:center&#8221; use_theme_fonts=&#8221;yes&#8221; css=&#8221;&#8221;][vc_column_text css=&#8221;&#8221;] Perched in the heart of Alpe d\u2019Huez, H\u00f4tel Le Castillan is much more than just a hotel\u2014it is a family home that has upheld a tradition of hospitality and friendliness for several generations.&hellip;<\/p>\n","protected":false},"author":1,"featured_media":0,"parent":0,"menu_order":1,"comment_status":"closed","ping_status":"closed","template":"","meta":{"footnotes":""},"class_list":["post-841","page","type-page","status-publish","hentry","description-off"],"yoast_head":"<!-- This site is optimized with the Yoast SEO plugin v27.4 - https:\/\/yoast.com\/product\/yoast-seo-wordpress\/ -->\n<title>Le Castillan - H\u00f4tel, Restaurant &amp; Spa - Alpe d&#039;Huez - Discover the magical view of the Alps &amp; the welcoming atmosphere.<\/title>\n<meta name=\"description\" content=\"Stay in the heart of the resort in a warm setting with panoramic mountain views. Comfortable rooms, restaurant, spa, and a welcoming, family-friendly atmosphere.\" \/>\n<meta name=\"robots\" content=\"index, follow, max-snippet:-1, max-image-preview:large, max-video-preview:-1\" \/>\n<link rel=\"canonical\" href=\"https:\/\/hotel-lecastillan.com\/en\/a-family-story\/\" \/>\n<meta property=\"og:locale\" content=\"en_US\" \/>\n<meta property=\"og:type\" content=\"article\" \/>\n<meta property=\"og:title\" content=\"Le Castillan - H\u00f4tel, Restaurant &amp; Spa - Alpe d&#039;Huez - Discover the magical view of the Alps &amp; the welcoming atmosphere.\" \/>\n<meta property=\"og:description\" content=\"Stay in the heart of the resort in a warm setting with panoramic mountain views. Comfortable rooms, restaurant, spa, and a welcoming, family-friendly atmosphere.\" \/>\n<meta property=\"og:url\" content=\"https:\/\/hotel-lecastillan.com\/en\/a-family-story\/\" \/>\n<meta property=\"og:site_name\" content=\"Le Castillan - H\u00f4tel, Restaurant &amp; Spa - Alpe d&#039;Huez\" \/>\n<meta property=\"article:publisher\" content=\"https:\/\/fr-fr.facebook.com\/LeCastillan\/\" \/>\n<meta property=\"article:modified_time\" content=\"2025-08-13T12:57:11+00:00\" \/>\n<meta name=\"twitter:card\" content=\"summary_large_image\" \/>\n<meta name=\"twitter:label1\" content=\"Est. reading time\" \/>\n\t<meta name=\"twitter:data1\" content=\"5 minutes\" \/>\n<script type=\"application\/ld+json\" class=\"yoast-schema-graph\">{\"@context\":\"https:\\\/\\\/schema.org\",\"@graph\":[{\"@type\":\"WebPage\",\"@id\":\"https:\\\/\\\/hotel-lecastillan.com\\\/en\\\/a-family-story\\\/\",\"url\":\"https:\\\/\\\/hotel-lecastillan.com\\\/en\\\/a-family-story\\\/\",\"name\":\"Le Castillan - H\u00f4tel, Restaurant &amp; Spa - Alpe d&#039;Huez - Discover the magical view of the Alps & the welcoming atmosphere.\",\"isPartOf\":{\"@id\":\"https:\\\/\\\/hotel-lecastillan.com\\\/#website\"},\"datePublished\":\"2025-03-11T11:35:56+00:00\",\"dateModified\":\"2025-08-13T12:57:11+00:00\",\"description\":\"Stay in the heart of the resort in a warm setting with panoramic mountain views. Comfortable rooms, restaurant, spa, and a welcoming, family-friendly atmosphere.\",\"breadcrumb\":{\"@id\":\"https:\\\/\\\/hotel-lecastillan.com\\\/en\\\/a-family-story\\\/#breadcrumb\"},\"inLanguage\":\"en-US\",\"potentialAction\":[{\"@type\":\"ReadAction\",\"target\":[\"https:\\\/\\\/hotel-lecastillan.com\\\/en\\\/a-family-story\\\/\"]}]},{\"@type\":\"BreadcrumbList\",\"@id\":\"https:\\\/\\\/hotel-lecastillan.com\\\/en\\\/a-family-story\\\/#breadcrumb\",\"itemListElement\":[{\"@type\":\"ListItem\",\"position\":1,\"name\":\"Accueil\",\"item\":\"https:\\\/\\\/hotel-lecastillan.com\\\/en\\\/\"},{\"@type\":\"ListItem\",\"position\":2,\"name\":\"A Family Story\"}]},{\"@type\":\"WebSite\",\"@id\":\"https:\\\/\\\/hotel-lecastillan.com\\\/#website\",\"url\":\"https:\\\/\\\/hotel-lecastillan.com\\\/\",\"name\":\"Le Castillan - H\u00f4tel, Restaurant & Spa - Alpe d'Huez\",\"description\":\"Un site d\u00e9velopp\u00e9 par PMT Hotels\",\"publisher\":{\"@id\":\"https:\\\/\\\/hotel-lecastillan.com\\\/#organization\"},\"potentialAction\":[{\"@type\":\"SearchAction\",\"target\":{\"@type\":\"EntryPoint\",\"urlTemplate\":\"https:\\\/\\\/hotel-lecastillan.com\\\/?s={search_term_string}\"},\"query-input\":{\"@type\":\"PropertyValueSpecification\",\"valueRequired\":true,\"valueName\":\"search_term_string\"}}],\"inLanguage\":\"en-US\"},{\"@type\":\"Organization\",\"@id\":\"https:\\\/\\\/hotel-lecastillan.com\\\/#organization\",\"name\":\"H\u00f4tel Le Castillan\",\"url\":\"https:\\\/\\\/hotel-lecastillan.com\\\/\",\"logo\":{\"@type\":\"ImageObject\",\"inLanguage\":\"en-US\",\"@id\":\"https:\\\/\\\/hotel-lecastillan.com\\\/#\\\/schema\\\/logo\\\/image\\\/\",\"url\":\"https:\\\/\\\/hotel-lecastillan.com\\\/wp-content\\\/uploads\\\/2024\\\/09\\\/Logo-Hotel-le-Castillan-300.png\",\"contentUrl\":\"https:\\\/\\\/hotel-lecastillan.com\\\/wp-content\\\/uploads\\\/2024\\\/09\\\/Logo-Hotel-le-Castillan-300.png\",\"width\":548,\"height\":300,\"caption\":\"H\u00f4tel Le Castillan\"},\"image\":{\"@id\":\"https:\\\/\\\/hotel-lecastillan.com\\\/#\\\/schema\\\/logo\\\/image\\\/\"},\"sameAs\":[\"https:\\\/\\\/fr-fr.facebook.com\\\/LeCastillan\\\/\",\"https:\\\/\\\/www.instagram.com\\\/lecastillan\\\/\"]}]}<\/script>\n<!-- \/ Yoast SEO plugin. -->","yoast_head_json":{"title":"Le Castillan - H\u00f4tel, Restaurant &amp; Spa - Alpe d&#039;Huez - Discover the magical view of the Alps & the welcoming atmosphere.","description":"Stay in the heart of the resort in a warm setting with panoramic mountain views. Comfortable rooms, restaurant, spa, and a welcoming, family-friendly atmosphere.","robots":{"index":"index","follow":"follow","max-snippet":"max-snippet:-1","max-image-preview":"max-image-preview:large","max-video-preview":"max-video-preview:-1"},"canonical":"https:\/\/hotel-lecastillan.com\/en\/a-family-story\/","og_locale":"en_US","og_type":"article","og_title":"Le Castillan - H\u00f4tel, Restaurant &amp; Spa - Alpe d&#039;Huez - Discover the magical view of the Alps & the welcoming atmosphere.","og_description":"Stay in the heart of the resort in a warm setting with panoramic mountain views. Comfortable rooms, restaurant, spa, and a welcoming, family-friendly atmosphere.","og_url":"https:\/\/hotel-lecastillan.com\/en\/a-family-story\/","og_site_name":"Le Castillan - H\u00f4tel, Restaurant &amp; Spa - Alpe d&#039;Huez","article_publisher":"https:\/\/fr-fr.facebook.com\/LeCastillan\/","article_modified_time":"2025-08-13T12:57:11+00:00","twitter_card":"summary_large_image","twitter_misc":{"Est. reading time":"5 minutes"},"schema":{"@context":"https:\/\/schema.org","@graph":[{"@type":"WebPage","@id":"https:\/\/hotel-lecastillan.com\/en\/a-family-story\/","url":"https:\/\/hotel-lecastillan.com\/en\/a-family-story\/","name":"Le Castillan - H\u00f4tel, Restaurant &amp; Spa - Alpe d&#039;Huez - Discover the magical view of the Alps & the welcoming atmosphere.","isPartOf":{"@id":"https:\/\/hotel-lecastillan.com\/#website"},"datePublished":"2025-03-11T11:35:56+00:00","dateModified":"2025-08-13T12:57:11+00:00","description":"Stay in the heart of the resort in a warm setting with panoramic mountain views. Comfortable rooms, restaurant, spa, and a welcoming, family-friendly atmosphere.","breadcrumb":{"@id":"https:\/\/hotel-lecastillan.com\/en\/a-family-story\/#breadcrumb"},"inLanguage":"en-US","potentialAction":[{"@type":"ReadAction","target":["https:\/\/hotel-lecastillan.com\/en\/a-family-story\/"]}]},{"@type":"BreadcrumbList","@id":"https:\/\/hotel-lecastillan.com\/en\/a-family-story\/#breadcrumb","itemListElement":[{"@type":"ListItem","position":1,"name":"Accueil","item":"https:\/\/hotel-lecastillan.com\/en\/"},{"@type":"ListItem","position":2,"name":"A Family Story"}]},{"@type":"WebSite","@id":"https:\/\/hotel-lecastillan.com\/#website","url":"https:\/\/hotel-lecastillan.com\/","name":"Le Castillan - H\u00f4tel, Restaurant & Spa - Alpe d'Huez","description":"Un site d\u00e9velopp\u00e9 par PMT Hotels","publisher":{"@id":"https:\/\/hotel-lecastillan.com\/#organization"},"potentialAction":[{"@type":"SearchAction","target":{"@type":"EntryPoint","urlTemplate":"https:\/\/hotel-lecastillan.com\/?s={search_term_string}"},"query-input":{"@type":"PropertyValueSpecification","valueRequired":true,"valueName":"search_term_string"}}],"inLanguage":"en-US"},{"@type":"Organization","@id":"https:\/\/hotel-lecastillan.com\/#organization","name":"H\u00f4tel Le Castillan","url":"https:\/\/hotel-lecastillan.com\/","logo":{"@type":"ImageObject","inLanguage":"en-US","@id":"https:\/\/hotel-lecastillan.com\/#\/schema\/logo\/image\/","url":"https:\/\/hotel-lecastillan.com\/wp-content\/uploads\/2024\/09\/Logo-Hotel-le-Castillan-300.png","contentUrl":"https:\/\/hotel-lecastillan.com\/wp-content\/uploads\/2024\/09\/Logo-Hotel-le-Castillan-300.png","width":548,"height":300,"caption":"H\u00f4tel Le Castillan"},"image":{"@id":"https:\/\/hotel-lecastillan.com\/#\/schema\/logo\/image\/"},"sameAs":["https:\/\/fr-fr.facebook.com\/LeCastillan\/","https:\/\/www.instagram.com\/lecastillan\/"]}]}},"_links":{"self":[{"href":"https:\/\/hotel-lecastillan.com\/en\/wp-json\/wp\/v2\/pages\/841","targetHints":{"allow":["GET"]}}],"collection":[{"href":"https:\/\/hotel-lecastillan.com\/en\/wp-json\/wp\/v2\/pages"}],"about":[{"href":"https:\/\/hotel-lecastillan.com\/en\/wp-json\/wp\/v2\/types\/page"}],"author":[{"embeddable":true,"href":"https:\/\/hotel-lecastillan.com\/en\/wp-json\/wp\/v2\/users\/1"}],"replies":[{"embeddable":true,"href":"https:\/\/hotel-lecastillan.com\/en\/wp-json\/wp\/v2\/comments?post=841"}],"version-history":[{"count":2,"href":"https:\/\/hotel-lecastillan.com\/en\/wp-json\/wp\/v2\/pages\/841\/revisions"}],"predecessor-version":[{"id":930,"href":"https:\/\/hotel-lecastillan.com\/en\/wp-json\/wp\/v2\/pages\/841\/revisions\/930"}],"wp:attachment":[{"href":"https:\/\/hotel-lecastillan.com\/en\/wp-json\/wp\/v2\/media?parent=841"}],"curies":[{"name":"wp","href":"https:\/\/api.w.org\/{rel}","templated":true}]}}